{"id":378,"date":"2023-06-30T01:18:22","date_gmt":"2023-06-29T16:18:22","guid":{"rendered":"https:\/\/www.nikki-mobile.com\/?post_type=product&#038;p=378"},"modified":"2025-03-20T16:39:35","modified_gmt":"2025-03-20T07:39:35","slug":"thay-man-hinh-iphone-12promax","status":"publish","type":"product","link":"https:\/\/nikki-mobile.com\/ja\/mobile\/thay-man-hinh-iphone-12promax\/","title":{"rendered":"\u5909\u66f4iPhone\u306e\u753b\u976212ProMax"},"content":{"rendered":"<ul>\n<li>Th\u1eddi gian b\u1ea3o h\u00e0nh: 3 TH\u00c1NG.<\/li>\n<li>\u4fee\u7406\u6642\u9593\u309215\uff5e30\u5206\u3067\u3059\u3002<\/li>\n<li>\u4fa1\u683c\u3001\u8077\u4eba\u3001\u305d\u306e\u4ed6\u3002<\/li>\n<\/ul>","protected":false},"excerpt":{"rendered":"<p>\u5f8c\u3001\u6642\u9593\u306e\u4f7f\u7528\u307e\u305f\u306f\u6b8b\u5ff5\u306a\u3053\u3068\u306b\u3088\u308a\u4e88\u671f\u305b\u306c\u30a8\u30e9\u30fc\u304b\u3089\u306e\u30e6\u30fc\u30b6\u30fc\u306e\u753b\u9762\u306e\u6a5f\u68b0\u307e\u3059\u3002 \u3053\u306e\u6642\u671f\u306b\u5909\u66f4\u3059\u308b\u5fc5\u8981\u304c\u3042\u308b\u306e\u96fb\u8a71\u306e\u753b\u9762\u3092\u3088\u308a\u826f\u3044\u7d4c\u9a13\u3067\u3059\u3002<\/p>\n<p>\u8aa4\u308a\u304c\u3042\u308b\u5834\u5408\u306f\u3001\u8aa4\u308a\u306e\u3042\u3063\u3055\u306b\u7f6e\u304d\u63db\u3048\u753b\u9762<\/p>\n<ul>\n<li aria-level=\"1\">\u753b\u9762\u5916\u89b3\u306e\u6642\u4ee3\u306e\u30b9\u30dd\u30c3\u30c8\u3001\u9ed2\u306e\u30de\u30fc\u30af\u3060\u3068\u611f\u3058\u7e1e\u9752\u8272\u3001\u6df1\u523b\u306a\u5f71\u97ff\u306e\u54c1\u8cea\u8868\u793a\u306b\u306a\u308a\u307e\u3059\u3002<\/li>\n<li aria-level=\"1\">\u8868\u793a\u30d5\u30ea\u30c3\u30ab\u30d5\u30ea\u30c3\u30ab\u3093\u8868\u793a\u3055\u308c\u307e\u3059\u3002<\/li>\n<li aria-level=\"1\">\u753b\u50cf\u8868\u793a\u3084\u8272\u306a\u3044\u306e\u723d<\/li>\n<\/ul>","protected":false},"featured_media":356,"template":"","meta":{"om_disable_all_campaigns":false,"_mi_skip_tracking":false,"kt_blocks_editor_width":""},"product_cat":[19,30,28],"product_tag":[],"class_list":["post-378","product","type-product","status-publish","has-post-thumbnail","hentry","product_cat-iphone","product_cat-thay-man-hinh-lcd","product_cat-thay-man-hinh-linh-kien"],"yoast_head":"<!-- This site is optimized with the Yoast SEO plugin v20.9 - https:\/\/yoast.com\/wordpress\/plugins\/seo\/ -->\n<title>Thay m\u00e0n h\u00ecnh iPhone 12ProMax - Nikki Mobile<\/title>\n<meta name=\"robots\" content=\"index, follow, max-snippet:-1, max-image-preview:large, max-video-preview:-1\" \/>\n<link rel=\"canonical\" href=\"https:\/\/nikki-mobile.com\/ja\/mobile\/thay-man-hinh-iphone-12promax\/\" \/>\n<meta property=\"og:locale\" content=\"ja_JP\" \/>\n<meta property=\"og:type\" content=\"article\" \/>\n<meta property=\"og:title\" content=\"Thay m\u00e0n h\u00ecnh iPhone 12ProMax - Nikki Mobile\" \/>\n<meta property=\"og:description\" content=\"Sau m\u1ed9t th\u1eddi gian s\u1eed d\u1ee5ng ho\u1eb7c kh\u00f4ng may do m\u1ed9t s\u1ed1 l\u1ed7i kh\u00f4ng mong mu\u1ed1n t\u1eeb ph\u00eda ng\u01b0\u1eddi d\u00f9ng khi\u1ebfn cho m\u00e0n h\u00ecnh c\u1ee7a m\u00e1y b\u1ecb h\u01b0 h\u1ecfng. L\u00fac n\u00e0y b\u1ea1n c\u1ea7n ph\u1ea3i thay m\u00e0n h\u00ecnh \u0111i\u1ec7n tho\u1ea1i \u0111\u1ec3 tr\u1ea3i nghi\u1ec7m t\u1ed1t h\u01a1n.  N\u1ebfu c\u00f3 nh\u1eefng l\u1ed7i sau th\u00ec b\u1ea1n n\u00ean\u00a0 thay m\u00e0n h\u00ecnh:   M\u00e0n h\u00ecnh xu\u1ea5t hi\u1ec7n c\u00e1c v\u1ebft \u0111\u1ed1m \u0111en, c\u00e1c v\u1ebft loang, c\u00e1c v\u1ebft s\u1ecdc xanh,m\u00e0u g\u00e2y \u1ea3nh h\u01b0\u1edfng nghi\u00eam tr\u1ecdng \u0111\u1ebfn ch\u1ea5t l\u01b0\u1ee3ng hi\u1ec3n th\u1ecb c\u1ee7a m\u00e1y.  M\u00e0n h\u00ecnh hi\u1ec3n th\u1ecb ch\u1eadp ch\u1eddn nh\u1ea5p nh\u00e1y ho\u1eb7c kh\u00f4ng hi\u1ec3n th\u1ecb.  M\u00e0n h\u00ecnh hi\u1ec3n th\u1ecb h\u00ecnh \u1ea3nh v\u00e0 m\u00e0u s\u1eafc kh\u00f4ng c\u00f2n r\u00f5 n\u00e9t\" \/>\n<meta property=\"og:url\" content=\"https:\/\/nikki-mobile.com\/ja\/mobile\/thay-man-hinh-iphone-12promax\/\" \/>\n<meta property=\"og:site_name\" content=\"Nikki Mobile\" \/>\n<meta property=\"article:publisher\" content=\"https:\/\/www.facebook.com\/nikkiMobilePage\/\" \/>\n<meta property=\"article:modified_time\" content=\"2025-03-20T07:39:35+00:00\" \/>\n<meta property=\"og:image\" content=\"https:\/\/i0.wp.com\/nikki-mobile.com\/wp-content\/uploads\/2023\/06\/thay-man-hinh-iphone-x-62.jpg?fit=391%2C391&ssl=1\" \/>\n\t<meta property=\"og:image:width\" content=\"391\" \/>\n\t<meta property=\"og:image:height\" content=\"391\" \/>\n\t<meta property=\"og:image:type\" content=\"image\/jpeg\" \/>\n<meta name=\"twitter:card\" content=\"summary_large_image\" \/>\n<meta name=\"twitter:label1\" content=\"\u63a8\u5b9a\u8aad\u307f\u53d6\u308a\u6642\u9593\" \/>\n\t<meta name=\"twitter:data1\" content=\"1\u5206\" \/>\n<script type=\"application\/ld+json\" class=\"yoast-schema-graph\">{\"@context\":\"https:\/\/schema.org\",\"@graph\":[{\"@type\":\"WebPage\",\"@id\":\"https:\/\/nikki-mobile.com\/ja\/mobile\/thay-man-hinh-iphone-12promax\/\",\"url\":\"https:\/\/nikki-mobile.com\/ja\/mobile\/thay-man-hinh-iphone-12promax\/\",\"name\":\"Thay m\u00e0n h\u00ecnh iPhone 12ProMax - Nikki Mobile\",\"isPartOf\":{\"@id\":\"https:\/\/nikki-mobile.com\/#website\"},\"datePublished\":\"2023-06-29T16:18:22+00:00\",\"dateModified\":\"2025-03-20T07:39:35+00:00\",\"breadcrumb\":{\"@id\":\"https:\/\/nikki-mobile.com\/ja\/mobile\/thay-man-hinh-iphone-12promax\/#breadcrumb\"},\"inLanguage\":\"ja\",\"potentialAction\":[{\"@type\":\"ReadAction\",\"target\":[\"https:\/\/nikki-mobile.com\/ja\/mobile\/thay-man-hinh-iphone-12promax\/\"]}]},{\"@type\":\"BreadcrumbList\",\"@id\":\"https:\/\/nikki-mobile.com\/ja\/mobile\/thay-man-hinh-iphone-12promax\/#breadcrumb\",\"itemListElement\":[{\"@type\":\"ListItem\",\"position\":1,\"name\":\"Mobile\",\"item\":\"https:\/\/nikki-mobile.com\/\"},{\"@type\":\"ListItem\",\"position\":2,\"name\":\"Thay m\u00e0n h\u00ecnh iPhone 12ProMax\"}]},{\"@type\":\"WebSite\",\"@id\":\"https:\/\/nikki-mobile.com\/#website\",\"url\":\"https:\/\/nikki-mobile.com\/\",\"name\":\"Nikki Mobile\",\"description\":\"Sua dien thoai uy tin\",\"potentialAction\":[{\"@type\":\"SearchAction\",\"target\":{\"@type\":\"EntryPoint\",\"urlTemplate\":\"https:\/\/nikki-mobile.com\/?s={search_term_string}\"},\"query-input\":\"required name=search_term_string\"}],\"inLanguage\":\"ja\"}]}<\/script>\n<!-- \/ Yoast SEO plugin. -->","yoast_head_json":{"title":"Thay m\u00e0n h\u00ecnh iPhone 12ProMax - Nikki Mobile","robots":{"index":"index","follow":"follow","max-snippet":"max-snippet:-1","max-image-preview":"max-image-preview:large","max-video-preview":"max-video-preview:-1"},"canonical":"https:\/\/nikki-mobile.com\/ja\/mobile\/thay-man-hinh-iphone-12promax\/","og_locale":"ja_JP","og_type":"article","og_title":"Thay m\u00e0n h\u00ecnh iPhone 12ProMax - Nikki Mobile","og_description":"Sau m\u1ed9t th\u1eddi gian s\u1eed d\u1ee5ng ho\u1eb7c kh\u00f4ng may do m\u1ed9t s\u1ed1 l\u1ed7i kh\u00f4ng mong mu\u1ed1n t\u1eeb ph\u00eda ng\u01b0\u1eddi d\u00f9ng khi\u1ebfn cho m\u00e0n h\u00ecnh c\u1ee7a m\u00e1y b\u1ecb h\u01b0 h\u1ecfng. L\u00fac n\u00e0y b\u1ea1n c\u1ea7n ph\u1ea3i thay m\u00e0n h\u00ecnh \u0111i\u1ec7n tho\u1ea1i \u0111\u1ec3 tr\u1ea3i nghi\u1ec7m t\u1ed1t h\u01a1n.  N\u1ebfu c\u00f3 nh\u1eefng l\u1ed7i sau th\u00ec b\u1ea1n n\u00ean\u00a0 thay m\u00e0n h\u00ecnh:   M\u00e0n h\u00ecnh xu\u1ea5t hi\u1ec7n c\u00e1c v\u1ebft \u0111\u1ed1m \u0111en, c\u00e1c v\u1ebft loang, c\u00e1c v\u1ebft s\u1ecdc xanh,m\u00e0u g\u00e2y \u1ea3nh h\u01b0\u1edfng nghi\u00eam tr\u1ecdng \u0111\u1ebfn ch\u1ea5t l\u01b0\u1ee3ng hi\u1ec3n th\u1ecb c\u1ee7a m\u00e1y.  M\u00e0n h\u00ecnh hi\u1ec3n th\u1ecb ch\u1eadp ch\u1eddn nh\u1ea5p nh\u00e1y ho\u1eb7c kh\u00f4ng hi\u1ec3n th\u1ecb.  M\u00e0n h\u00ecnh hi\u1ec3n th\u1ecb h\u00ecnh \u1ea3nh v\u00e0 m\u00e0u s\u1eafc kh\u00f4ng c\u00f2n r\u00f5 n\u00e9t","og_url":"https:\/\/nikki-mobile.com\/ja\/mobile\/thay-man-hinh-iphone-12promax\/","og_site_name":"Nikki Mobile","article_publisher":"https:\/\/www.facebook.com\/nikkiMobilePage\/","article_modified_time":"2025-03-20T07:39:35+00:00","og_image":[{"width":391,"height":391,"url":"https:\/\/i0.wp.com\/nikki-mobile.com\/wp-content\/uploads\/2023\/06\/thay-man-hinh-iphone-x-62.jpg?fit=391%2C391&ssl=1","type":"image\/jpeg"}],"twitter_card":"summary_large_image","twitter_misc":{"\u63a8\u5b9a\u8aad\u307f\u53d6\u308a\u6642\u9593":"1\u5206"},"schema":{"@context":"https:\/\/schema.org","@graph":[{"@type":"WebPage","@id":"https:\/\/nikki-mobile.com\/ja\/mobile\/thay-man-hinh-iphone-12promax\/","url":"https:\/\/nikki-mobile.com\/ja\/mobile\/thay-man-hinh-iphone-12promax\/","name":"Thay m\u00e0n h\u00ecnh iPhone 12ProMax - Nikki Mobile","isPartOf":{"@id":"https:\/\/nikki-mobile.com\/#website"},"datePublished":"2023-06-29T16:18:22+00:00","dateModified":"2025-03-20T07:39:35+00:00","breadcrumb":{"@id":"https:\/\/nikki-mobile.com\/ja\/mobile\/thay-man-hinh-iphone-12promax\/#breadcrumb"},"inLanguage":"ja","potentialAction":[{"@type":"ReadAction","target":["https:\/\/nikki-mobile.com\/ja\/mobile\/thay-man-hinh-iphone-12promax\/"]}]},{"@type":"BreadcrumbList","@id":"https:\/\/nikki-mobile.com\/ja\/mobile\/thay-man-hinh-iphone-12promax\/#breadcrumb","itemListElement":[{"@type":"ListItem","position":1,"name":"Mobile","item":"https:\/\/nikki-mobile.com\/"},{"@type":"ListItem","position":2,"name":"Thay m\u00e0n h\u00ecnh iPhone 12ProMax"}]},{"@type":"WebSite","@id":"https:\/\/nikki-mobile.com\/#website","url":"https:\/\/nikki-mobile.com\/","name":"Nikki Mobile","description":"Sua dien thoai uy tin","potentialAction":[{"@type":"SearchAction","target":{"@type":"EntryPoint","urlTemplate":"https:\/\/nikki-mobile.com\/?s={search_term_string}"},"query-input":"required name=search_term_string"}],"inLanguage":"ja"}]}},"jetpack_sharing_enabled":true,"_links":{"self":[{"href":"https:\/\/nikki-mobile.com\/ja\/wp-json\/wp\/v2\/product\/378"}],"collection":[{"href":"https:\/\/nikki-mobile.com\/ja\/wp-json\/wp\/v2\/product"}],"about":[{"href":"https:\/\/nikki-mobile.com\/ja\/wp-json\/wp\/v2\/types\/product"}],"wp:featuredmedia":[{"embeddable":true,"href":"https:\/\/nikki-mobile.com\/ja\/wp-json\/wp\/v2\/media\/356"}],"wp:attachment":[{"href":"https:\/\/nikki-mobile.com\/ja\/wp-json\/wp\/v2\/media?parent=378"}],"wp:term":[{"taxonomy":"product_cat","embeddable":true,"href":"https:\/\/nikki-mobile.com\/ja\/wp-json\/wp\/v2\/product_cat?post=378"},{"taxonomy":"product_tag","embeddable":true,"href":"https:\/\/nikki-mobile.com\/ja\/wp-json\/wp\/v2\/product_tag?post=378"}],"curies":[{"name":"wp","href":"https:\/\/api.w.org\/{rel}","templated":true}]}}