{"id":349,"date":"2023-06-28T01:12:33","date_gmt":"2023-06-27T16:12:33","guid":{"rendered":"https:\/\/www.nikki-mobile.com\/?post_type=product&#038;p=349"},"modified":"2023-06-28T01:13:23","modified_gmt":"2023-06-27T16:13:23","slug":"thay-nut-home-iphone-6plus","status":"publish","type":"product","link":"https:\/\/nikki-mobile.com\/ja\/mobile\/thay-nut-home-iphone-6plus\/","title":{"rendered":"Thay n\u00fat home iPhone 6Plus"},"content":{"rendered":"<ul>\n<li>Gi\u00e1 \u0111\u00e3 bao g\u1ed3m chi ph\u00ed th\u00e1o r\u00e1p<\/li>\n<li>3\u30f6\u6708\u4fdd\u8a3c<\/li>\n<li>Th\u1eddi gian x\u1eed l\u00fd 30 ph\u00fat<\/li>\n<li>L\u1ea5y ngay c\u00e1c d\u1ecbch v\u1ee5 thay th\u1ebf linh ki\u1ec7n<\/li>\n<li>-Xem tr\u1ef1c ti\u1ebfp qu\u00e1 tr\u00ecnh s\u1eeda ch\u1eefa<\/li>\n<li>-Giao m\u00e1y \u0111\u00fang h\u1eb9n<\/li>\n<li>-\u0110\u1ed1i v\u1edbi c\u00e1c d\u1ecbch v\u1ee5 c\u1ea7n gi\u1eef l\u1ea1i thi\u1ebft b\u1ecb, kh\u00e1ch h\u00e0ng s\u1ebd k\u00fd t\u00ean l\u00ean linh ki\u1ec7n v\u00e0 ch\u1ee5p h\u00ecnh \u0111\u1ec3 \u0111\u1ea3m b\u1ea3o t\u00ednh minh b\u1ea1ch<\/li>\n<li>-B\u1ea3o h\u00e0nh 3-6 th\u00e1ng<\/li>\n<\/ul>","protected":false},"excerpt":{"rendered":"<h2>Khi n\u00e0o c\u1ea7n thay n\u00fat home iPhone?<\/h2>\n<p>C\u00f3 m\u1ed9t s\u1ed1 nguy\u00ean nh\u00e2n d\u1eabn \u0111\u1ebfn n\u00fat home iPhone b\u1ecb h\u01b0 c\u1ea7n \u0111\u01b0\u1ee3c s\u1eeda ch\u1eefa g\u1ed3m nguy\u00ean nh\u00e2n sau \u0111\u00e2y:<\/p>\n<ul>\n<li>Trong qu\u00e1 tr\u00ecnh s\u1eed d\u1ee5ng iPhone c\u1ee7a b\u1ea1n s\u1eed d\u1ee5ng trong m\u00f4i tr\u01b0\u1eddng c\u00f3 nhi\u1ec1u b\u1ee5i b\u1ea9n, n\u01a1i c\u00f3 \u0111\u1ed9 \u00e2m cao, m\u1ed3 h\u00f4i tay, l\u00e2u ng\u00e0y kh\u00f4ng v\u1ec7 sinh d\u1eabn \u0111\u1ebfn n\u00fat home b\u1ecb l\u1ed7i<\/li>\n<li>Trong qu\u00e1 tr\u00ecnh s\u1eed d\u1ee5ng, iPhone b\u1ecb r\u01a1i n\u01b0\u1edbc, ho\u1eb7c va \u0111\u1eadp m\u1ea1nh khi\u1ebfn n\u00fat home b\u1ecb h\u01b0<\/li>\n<\/ul>\n<p>N\u1ebfu nh\u01b0 iPhone \u0111ang s\u1eed d\u1ee5ng m\u00e0 b\u1ed7ng n\u00fat home b\u1ecb h\u01b0, b\u1ea1n kh\u00f4ng th\u1ec3 b\u1ea5m \u0111\u01b0\u1ee3c ho\u1eb7c ch\u1ee9c n\u0103ng v\u00e2n tay c\u0169ng b\u1ecb m\u1ea5t kh\u00f4ng th\u1ec3 m\u1edf kh\u00f3a. H\u00e3y \u0111\u1ebfn Nikki-Mobile \u0111\u1ec3 \u0111\u01b0\u1ee3c t\u01b0 v\u1ea5n h\u1ed7 tr\u1ee3 mi\u1ec5n ph\u00ed!!!<\/p>","protected":false},"featured_media":335,"template":"","meta":{"om_disable_all_campaigns":false,"_mi_skip_tracking":false,"kt_blocks_editor_width":""},"product_cat":[19,37],"product_tag":[],"class_list":["post-349","product","type-product","status-publish","has-post-thumbnail","hentry","product_cat-iphone","product_cat-thay-nut-home"],"yoast_head":"<!-- This site is optimized with the Yoast SEO plugin v20.9 - https:\/\/yoast.com\/wordpress\/plugins\/seo\/ -->\n<title>Thay n\u00fat home iPhone 6Plus - Nikki Mobile<\/title>\n<meta name=\"robots\" content=\"index, follow, max-snippet:-1, max-image-preview:large, max-video-preview:-1\" \/>\n<link rel=\"canonical\" href=\"https:\/\/nikki-mobile.com\/ja\/mobile\/thay-nut-home-iphone-6plus\/\" \/>\n<meta property=\"og:locale\" content=\"ja_JP\" \/>\n<meta property=\"og:type\" content=\"article\" \/>\n<meta property=\"og:title\" content=\"Thay n\u00fat home iPhone 6Plus - Nikki Mobile\" \/>\n<meta property=\"og:description\" content=\"Khi n\u00e0o c\u1ea7n thay n\u00fat home iPhone? C\u00f3 m\u1ed9t s\u1ed1 nguy\u00ean nh\u00e2n d\u1eabn \u0111\u1ebfn n\u00fat home iPhone b\u1ecb h\u01b0 c\u1ea7n \u0111\u01b0\u1ee3c s\u1eeda ch\u1eefa g\u1ed3m nguy\u00ean nh\u00e2n sau \u0111\u00e2y:   Trong qu\u00e1 tr\u00ecnh s\u1eed d\u1ee5ng iPhone c\u1ee7a b\u1ea1n s\u1eed d\u1ee5ng trong m\u00f4i tr\u01b0\u1eddng c\u00f3 nhi\u1ec1u b\u1ee5i b\u1ea9n, n\u01a1i c\u00f3 \u0111\u1ed9 \u00e2m cao, m\u1ed3 h\u00f4i tay, l\u00e2u ng\u00e0y kh\u00f4ng v\u1ec7 sinh d\u1eabn \u0111\u1ebfn n\u00fat home b\u1ecb l\u1ed7i  Trong qu\u00e1 tr\u00ecnh s\u1eed d\u1ee5ng, iPhone b\u1ecb r\u01a1i n\u01b0\u1edbc, ho\u1eb7c va \u0111\u1eadp m\u1ea1nh khi\u1ebfn n\u00fat home b\u1ecb h\u01b0  N\u1ebfu nh\u01b0 iPhone \u0111ang s\u1eed d\u1ee5ng m\u00e0 b\u1ed7ng n\u00fat home b\u1ecb h\u01b0, b\u1ea1n kh\u00f4ng th\u1ec3 b\u1ea5m \u0111\u01b0\u1ee3c ho\u1eb7c ch\u1ee9c n\u0103ng v\u00e2n tay c\u0169ng b\u1ecb m\u1ea5t kh\u00f4ng th\u1ec3 m\u1edf kh\u00f3a. H\u00e3y \u0111\u1ebfn Nikki-Mobile \u0111\u1ec3 \u0111\u01b0\u1ee3c t\u01b0 v\u1ea5n h\u1ed7 tr\u1ee3 mi\u1ec5n ph\u00ed!!!\" \/>\n<meta property=\"og:url\" content=\"https:\/\/nikki-mobile.com\/ja\/mobile\/thay-nut-home-iphone-6plus\/\" \/>\n<meta property=\"og:site_name\" content=\"Nikki Mobile\" \/>\n<meta property=\"article:publisher\" content=\"https:\/\/www.facebook.com\/nikkiMobilePage\/\" \/>\n<meta property=\"article:modified_time\" content=\"2023-06-27T16:13:23+00:00\" \/>\n<meta property=\"og:image\" content=\"https:\/\/i0.wp.com\/nikki-mobile.com\/wp-content\/uploads\/2023\/06\/nut-home-iphone-6-plus.jpg?fit=480%2C480&ssl=1\" \/>\n\t<meta property=\"og:image:width\" content=\"480\" \/>\n\t<meta property=\"og:image:height\" content=\"480\" \/>\n\t<meta property=\"og:image:type\" content=\"image\/jpeg\" \/>\n<meta name=\"twitter:card\" content=\"summary_large_image\" \/>\n<meta name=\"twitter:label1\" content=\"\u63a8\u5b9a\u8aad\u307f\u53d6\u308a\u6642\u9593\" \/>\n\t<meta name=\"twitter:data1\" content=\"1\u5206\" \/>\n<script type=\"application\/ld+json\" class=\"yoast-schema-graph\">{\"@context\":\"https:\/\/schema.org\",\"@graph\":[{\"@type\":\"WebPage\",\"@id\":\"https:\/\/nikki-mobile.com\/mobile\/thay-nut-home-iphone-6plus\/\",\"url\":\"https:\/\/nikki-mobile.com\/mobile\/thay-nut-home-iphone-6plus\/\",\"name\":\"Thay n\u00fat home iPhone 6Plus - Nikki Mobile\",\"isPartOf\":{\"@id\":\"https:\/\/nikki-mobile.com\/#website\"},\"datePublished\":\"2023-06-27T16:12:33+00:00\",\"dateModified\":\"2023-06-27T16:13:23+00:00\",\"breadcrumb\":{\"@id\":\"https:\/\/nikki-mobile.com\/mobile\/thay-nut-home-iphone-6plus\/#breadcrumb\"},\"inLanguage\":\"ja\",\"potentialAction\":[{\"@type\":\"ReadAction\",\"target\":[\"https:\/\/nikki-mobile.com\/mobile\/thay-nut-home-iphone-6plus\/\"]}]},{\"@type\":\"BreadcrumbList\",\"@id\":\"https:\/\/nikki-mobile.com\/mobile\/thay-nut-home-iphone-6plus\/#breadcrumb\",\"itemListElement\":[{\"@type\":\"ListItem\",\"position\":1,\"name\":\"Mobile\",\"item\":\"https:\/\/nikki-mobile.com\/\"},{\"@type\":\"ListItem\",\"position\":2,\"name\":\"Thay n\u00fat home iPhone 6Plus\"}]},{\"@type\":\"WebSite\",\"@id\":\"https:\/\/nikki-mobile.com\/#website\",\"url\":\"https:\/\/nikki-mobile.com\/\",\"name\":\"Nikki Mobile\",\"description\":\"Sua dien thoai uy tin\",\"potentialAction\":[{\"@type\":\"SearchAction\",\"target\":{\"@type\":\"EntryPoint\",\"urlTemplate\":\"https:\/\/nikki-mobile.com\/?s={search_term_string}\"},\"query-input\":\"required name=search_term_string\"}],\"inLanguage\":\"ja\"}]}<\/script>\n<!-- \/ Yoast SEO plugin. -->","yoast_head_json":{"title":"Thay n\u00fat home iPhone 6Plus - Nikki Mobile","robots":{"index":"index","follow":"follow","max-snippet":"max-snippet:-1","max-image-preview":"max-image-preview:large","max-video-preview":"max-video-preview:-1"},"canonical":"https:\/\/nikki-mobile.com\/ja\/mobile\/thay-nut-home-iphone-6plus\/","og_locale":"ja_JP","og_type":"article","og_title":"Thay n\u00fat home iPhone 6Plus - Nikki Mobile","og_description":"Khi n\u00e0o c\u1ea7n thay n\u00fat home iPhone? C\u00f3 m\u1ed9t s\u1ed1 nguy\u00ean nh\u00e2n d\u1eabn \u0111\u1ebfn n\u00fat home iPhone b\u1ecb h\u01b0 c\u1ea7n \u0111\u01b0\u1ee3c s\u1eeda ch\u1eefa g\u1ed3m nguy\u00ean nh\u00e2n sau \u0111\u00e2y:   Trong qu\u00e1 tr\u00ecnh s\u1eed d\u1ee5ng iPhone c\u1ee7a b\u1ea1n s\u1eed d\u1ee5ng trong m\u00f4i tr\u01b0\u1eddng c\u00f3 nhi\u1ec1u b\u1ee5i b\u1ea9n, n\u01a1i c\u00f3 \u0111\u1ed9 \u00e2m cao, m\u1ed3 h\u00f4i tay, l\u00e2u ng\u00e0y kh\u00f4ng v\u1ec7 sinh d\u1eabn \u0111\u1ebfn n\u00fat home b\u1ecb l\u1ed7i  Trong qu\u00e1 tr\u00ecnh s\u1eed d\u1ee5ng, iPhone b\u1ecb r\u01a1i n\u01b0\u1edbc, ho\u1eb7c va \u0111\u1eadp m\u1ea1nh khi\u1ebfn n\u00fat home b\u1ecb h\u01b0  N\u1ebfu nh\u01b0 iPhone \u0111ang s\u1eed d\u1ee5ng m\u00e0 b\u1ed7ng n\u00fat home b\u1ecb h\u01b0, b\u1ea1n kh\u00f4ng th\u1ec3 b\u1ea5m \u0111\u01b0\u1ee3c ho\u1eb7c ch\u1ee9c n\u0103ng v\u00e2n tay c\u0169ng b\u1ecb m\u1ea5t kh\u00f4ng th\u1ec3 m\u1edf kh\u00f3a. H\u00e3y \u0111\u1ebfn Nikki-Mobile \u0111\u1ec3 \u0111\u01b0\u1ee3c t\u01b0 v\u1ea5n h\u1ed7 tr\u1ee3 mi\u1ec5n ph\u00ed!!!","og_url":"https:\/\/nikki-mobile.com\/ja\/mobile\/thay-nut-home-iphone-6plus\/","og_site_name":"Nikki Mobile","article_publisher":"https:\/\/www.facebook.com\/nikkiMobilePage\/","article_modified_time":"2023-06-27T16:13:23+00:00","og_image":[{"width":480,"height":480,"url":"https:\/\/i0.wp.com\/nikki-mobile.com\/wp-content\/uploads\/2023\/06\/nut-home-iphone-6-plus.jpg?fit=480%2C480&ssl=1","type":"image\/jpeg"}],"twitter_card":"summary_large_image","twitter_misc":{"\u63a8\u5b9a\u8aad\u307f\u53d6\u308a\u6642\u9593":"1\u5206"},"schema":{"@context":"https:\/\/schema.org","@graph":[{"@type":"WebPage","@id":"https:\/\/nikki-mobile.com\/mobile\/thay-nut-home-iphone-6plus\/","url":"https:\/\/nikki-mobile.com\/mobile\/thay-nut-home-iphone-6plus\/","name":"Thay n\u00fat home iPhone 6Plus - Nikki Mobile","isPartOf":{"@id":"https:\/\/nikki-mobile.com\/#website"},"datePublished":"2023-06-27T16:12:33+00:00","dateModified":"2023-06-27T16:13:23+00:00","breadcrumb":{"@id":"https:\/\/nikki-mobile.com\/mobile\/thay-nut-home-iphone-6plus\/#breadcrumb"},"inLanguage":"ja","potentialAction":[{"@type":"ReadAction","target":["https:\/\/nikki-mobile.com\/mobile\/thay-nut-home-iphone-6plus\/"]}]},{"@type":"BreadcrumbList","@id":"https:\/\/nikki-mobile.com\/mobile\/thay-nut-home-iphone-6plus\/#breadcrumb","itemListElement":[{"@type":"ListItem","position":1,"name":"Mobile","item":"https:\/\/nikki-mobile.com\/"},{"@type":"ListItem","position":2,"name":"Thay n\u00fat home iPhone 6Plus"}]},{"@type":"WebSite","@id":"https:\/\/nikki-mobile.com\/#website","url":"https:\/\/nikki-mobile.com\/","name":"Nikki Mobile","description":"Sua dien thoai uy tin","potentialAction":[{"@type":"SearchAction","target":{"@type":"EntryPoint","urlTemplate":"https:\/\/nikki-mobile.com\/?s={search_term_string}"},"query-input":"required name=search_term_string"}],"inLanguage":"ja"}]}},"jetpack_sharing_enabled":true,"_links":{"self":[{"href":"https:\/\/nikki-mobile.com\/ja\/wp-json\/wp\/v2\/product\/349"}],"collection":[{"href":"https:\/\/nikki-mobile.com\/ja\/wp-json\/wp\/v2\/product"}],"about":[{"href":"https:\/\/nikki-mobile.com\/ja\/wp-json\/wp\/v2\/types\/product"}],"wp:featuredmedia":[{"embeddable":true,"href":"https:\/\/nikki-mobile.com\/ja\/wp-json\/wp\/v2\/media\/335"}],"wp:attachment":[{"href":"https:\/\/nikki-mobile.com\/ja\/wp-json\/wp\/v2\/media?parent=349"}],"wp:term":[{"taxonomy":"product_cat","embeddable":true,"href":"https:\/\/nikki-mobile.com\/ja\/wp-json\/wp\/v2\/product_cat?post=349"},{"taxonomy":"product_tag","embeddable":true,"href":"https:\/\/nikki-mobile.com\/ja\/wp-json\/wp\/v2\/product_tag?post=349"}],"curies":[{"name":"wp","href":"https:\/\/api.w.org\/{rel}","templated":true}]}}