{"id":318,"date":"2023-06-27T23:41:04","date_gmt":"2023-06-27T14:41:04","guid":{"rendered":"https:\/\/www.nikki-mobile.com\/?post_type=product&#038;p=318"},"modified":"2023-06-27T23:41:05","modified_gmt":"2023-06-27T14:41:05","slug":"thay-camera-sau-iphone-x-xs","status":"publish","type":"product","link":"https:\/\/nikki-mobile.com\/ja\/mobile\/thay-camera-sau-iphone-x-xs\/","title":{"rendered":"Thay camera sau iPhone X\/Xs"},"content":{"rendered":"<ul>\n<li>Th\u1eddi gian b\u1ea3o h\u00e0nh: 03 TH\u00c1NG.<\/li>\n<li>Th\u1eddi gian s\u1eeda ch\u1eefa: 1 GI\u1edc.<\/li>\n<li>\u4fa1\u683c\u3001\u8077\u4eba\u3001\u305d\u306e\u4ed6\u3002<\/li>\n<li>Cam k\u1ebft\n<div class=\"service-promotion-item\">-L\u1ea5y ngay c\u00e1c d\u1ecbch v\u1ee5 thay th\u1ebf linh ki\u1ec7n<\/div>\n<div class=\"service-promotion-item\">-Xem tr\u1ef1c ti\u1ebfp qu\u00e1 tr\u00ecnh s\u1eeda ch\u1eefa<\/div>\n<div class=\"service-promotion-item\">-Giao m\u00e1y \u0111\u00fang h\u1eb9n<\/div>\n<div class=\"service-promotion-item\">-\u0110\u1ed1i v\u1edbi c\u00e1c d\u1ecbch v\u1ee5 c\u1ea7n gi\u1eef l\u1ea1i thi\u1ebft b\u1ecb, kh\u00e1ch h\u00e0ng s\u1ebd k\u00fd t\u00ean l\u00ean linh ki\u1ec7n v\u00e0 ch\u1ee5p h\u00ecnh \u0111\u1ec3 \u0111\u1ea3m b\u1ea3o t\u00ednh minh b\u1ea1ch<\/div>\n<div class=\"service-promotion-item\">-B\u1ea3o h\u00e0nh 3-6 th\u00e1ng<\/div>\n<\/li>\n<\/ul>","protected":false},"excerpt":{"rendered":"<p>M\u1ed9t s\u1ed1 d\u1ea5u hi\u1ec7u cho th\u1ea5y b\u1ea1n s\u1ebd c\u1ea7n thay camera sau iPhone X\/Xs ngay:<\/p>\n<ul>\n<li>\u1ee8ng d\u1ee5ng camera khi kh\u1edfi \u0111\u1ed9ng ch\u1ec9 hi\u1ec7n m\u00e0u \u0111en ho\u1eb7c tr\u00ean m\u00e0n h\u00ecnh xu\u1ea5t hi\u1ec7n c\u00e1c v\u1ebft m\u1edd, \u0111\u1ed1m \u0111en, \u0111\u1ed1m v\u00e0ng, ch\u1ea5m \u0111en tr\u00ean \u1ea3nh, kh\u00f4ng b\u1eaft \u0111\u01b0\u1ee3c n\u00e9t.<\/li>\n<li>Camera sau kh\u00f4ng ho\u1ea1t \u0111\u1ed9ng, kh\u00f4ng th\u1ec3 kh\u1edfi \u0111\u1ed9ng \u1ee9ng d\u1ee5ng camera<\/li>\n<li>Camera sau b\u1ecb sai m\u00e0u, \u1ea3nh ch\u1ee5p b\u1ecb m\u1edd, kh\u00f4ng s\u1eafc n\u00e9t<\/li>\n<li>Camera b\u1ecb h\u01b0 h\u1ecfng ph\u1ea7n c\u1ee9ng nh\u01b0ng \u0111\u1ee9t c\u00e1p k\u1ebft n\u1ed1i, l\u1ed7i xung \u0111\u1ed9t kh\u00f4ng t\u01b0\u01a1ng th\u00edch<\/li>\n<\/ul>","protected":false},"featured_media":301,"template":"","meta":{"om_disable_all_campaigns":false,"_mi_skip_tracking":false,"kt_blocks_editor_width":""},"product_cat":[19,36],"product_tag":[],"class_list":["post-318","product","type-product","status-publish","has-post-thumbnail","hentry","product_cat-iphone","product_cat-thay-camera-sau"],"yoast_head":"<!-- This site is optimized with the Yoast SEO plugin v20.9 - https:\/\/yoast.com\/wordpress\/plugins\/seo\/ -->\n<title>Thay camera sau iPhone X\/Xs - Nikki Mobile<\/title>\n<meta name=\"robots\" content=\"index, follow, max-snippet:-1, max-image-preview:large, max-video-preview:-1\" \/>\n<link rel=\"canonical\" href=\"https:\/\/nikki-mobile.com\/ja\/mobile\/thay-camera-sau-iphone-x-xs\/\" \/>\n<meta property=\"og:locale\" content=\"ja_JP\" \/>\n<meta property=\"og:type\" content=\"article\" \/>\n<meta property=\"og:title\" content=\"Thay camera sau iPhone X\/Xs - Nikki Mobile\" \/>\n<meta property=\"og:description\" content=\"M\u1ed9t s\u1ed1 d\u1ea5u hi\u1ec7u cho th\u1ea5y b\u1ea1n s\u1ebd c\u1ea7n thay camera sau iPhone X\/Xs ngay:   \u1ee8ng d\u1ee5ng camera khi kh\u1edfi \u0111\u1ed9ng ch\u1ec9 hi\u1ec7n m\u00e0u \u0111en ho\u1eb7c tr\u00ean m\u00e0n h\u00ecnh xu\u1ea5t hi\u1ec7n c\u00e1c v\u1ebft m\u1edd, \u0111\u1ed1m \u0111en, \u0111\u1ed1m v\u00e0ng, ch\u1ea5m \u0111en tr\u00ean \u1ea3nh, kh\u00f4ng b\u1eaft \u0111\u01b0\u1ee3c n\u00e9t.  Camera sau kh\u00f4ng ho\u1ea1t \u0111\u1ed9ng, kh\u00f4ng th\u1ec3 kh\u1edfi \u0111\u1ed9ng \u1ee9ng d\u1ee5ng camera  Camera sau b\u1ecb sai m\u00e0u, \u1ea3nh ch\u1ee5p b\u1ecb m\u1edd, kh\u00f4ng s\u1eafc n\u00e9t  Camera b\u1ecb h\u01b0 h\u1ecfng ph\u1ea7n c\u1ee9ng nh\u01b0ng \u0111\u1ee9t c\u00e1p k\u1ebft n\u1ed1i, l\u1ed7i xung \u0111\u1ed9t kh\u00f4ng t\u01b0\u01a1ng th\u00edch\" \/>\n<meta property=\"og:url\" content=\"https:\/\/nikki-mobile.com\/ja\/mobile\/thay-camera-sau-iphone-x-xs\/\" \/>\n<meta property=\"og:site_name\" content=\"Nikki Mobile\" \/>\n<meta property=\"article:publisher\" content=\"https:\/\/www.facebook.com\/nikkiMobilePage\/\" \/>\n<meta property=\"article:modified_time\" content=\"2023-06-27T14:41:05+00:00\" \/>\n<meta property=\"og:image\" content=\"https:\/\/i0.wp.com\/nikki-mobile.com\/wp-content\/uploads\/2023\/06\/camera-sau-zin-iphone-x.jpg?fit=388%2C378&ssl=1\" \/>\n\t<meta property=\"og:image:width\" content=\"388\" \/>\n\t<meta property=\"og:image:height\" content=\"378\" \/>\n\t<meta property=\"og:image:type\" content=\"image\/jpeg\" \/>\n<meta name=\"twitter:card\" content=\"summary_large_image\" \/>\n<meta name=\"twitter:label1\" content=\"\u63a8\u5b9a\u8aad\u307f\u53d6\u308a\u6642\u9593\" \/>\n\t<meta name=\"twitter:data1\" content=\"1\u5206\" \/>\n<script type=\"application\/ld+json\" class=\"yoast-schema-graph\">{\"@context\":\"https:\/\/schema.org\",\"@graph\":[{\"@type\":\"WebPage\",\"@id\":\"https:\/\/nikki-mobile.com\/mobile\/thay-camera-sau-iphone-x-xs\/\",\"url\":\"https:\/\/nikki-mobile.com\/mobile\/thay-camera-sau-iphone-x-xs\/\",\"name\":\"Thay camera sau iPhone X\/Xs - Nikki Mobile\",\"isPartOf\":{\"@id\":\"https:\/\/nikki-mobile.com\/#website\"},\"datePublished\":\"2023-06-27T14:41:04+00:00\",\"dateModified\":\"2023-06-27T14:41:05+00:00\",\"breadcrumb\":{\"@id\":\"https:\/\/nikki-mobile.com\/mobile\/thay-camera-sau-iphone-x-xs\/#breadcrumb\"},\"inLanguage\":\"ja\",\"potentialAction\":[{\"@type\":\"ReadAction\",\"target\":[\"https:\/\/nikki-mobile.com\/mobile\/thay-camera-sau-iphone-x-xs\/\"]}]},{\"@type\":\"BreadcrumbList\",\"@id\":\"https:\/\/nikki-mobile.com\/mobile\/thay-camera-sau-iphone-x-xs\/#breadcrumb\",\"itemListElement\":[{\"@type\":\"ListItem\",\"position\":1,\"name\":\"Mobile\",\"item\":\"https:\/\/nikki-mobile.com\/\"},{\"@type\":\"ListItem\",\"position\":2,\"name\":\"Thay camera sau iPhone X\/Xs\"}]},{\"@type\":\"WebSite\",\"@id\":\"https:\/\/nikki-mobile.com\/#website\",\"url\":\"https:\/\/nikki-mobile.com\/\",\"name\":\"Nikki Mobile\",\"description\":\"Sua dien thoai uy tin\",\"potentialAction\":[{\"@type\":\"SearchAction\",\"target\":{\"@type\":\"EntryPoint\",\"urlTemplate\":\"https:\/\/nikki-mobile.com\/?s={search_term_string}\"},\"query-input\":\"required name=search_term_string\"}],\"inLanguage\":\"ja\"}]}<\/script>\n<!-- \/ Yoast SEO plugin. -->","yoast_head_json":{"title":"Thay camera sau iPhone X\/Xs - Nikki Mobile","robots":{"index":"index","follow":"follow","max-snippet":"max-snippet:-1","max-image-preview":"max-image-preview:large","max-video-preview":"max-video-preview:-1"},"canonical":"https:\/\/nikki-mobile.com\/ja\/mobile\/thay-camera-sau-iphone-x-xs\/","og_locale":"ja_JP","og_type":"article","og_title":"Thay camera sau iPhone X\/Xs - Nikki Mobile","og_description":"M\u1ed9t s\u1ed1 d\u1ea5u hi\u1ec7u cho th\u1ea5y b\u1ea1n s\u1ebd c\u1ea7n thay camera sau iPhone X\/Xs ngay:   \u1ee8ng d\u1ee5ng camera khi kh\u1edfi \u0111\u1ed9ng ch\u1ec9 hi\u1ec7n m\u00e0u \u0111en ho\u1eb7c tr\u00ean m\u00e0n h\u00ecnh xu\u1ea5t hi\u1ec7n c\u00e1c v\u1ebft m\u1edd, \u0111\u1ed1m \u0111en, \u0111\u1ed1m v\u00e0ng, ch\u1ea5m \u0111en tr\u00ean \u1ea3nh, kh\u00f4ng b\u1eaft \u0111\u01b0\u1ee3c n\u00e9t.  Camera sau kh\u00f4ng ho\u1ea1t \u0111\u1ed9ng, kh\u00f4ng th\u1ec3 kh\u1edfi \u0111\u1ed9ng \u1ee9ng d\u1ee5ng camera  Camera sau b\u1ecb sai m\u00e0u, \u1ea3nh ch\u1ee5p b\u1ecb m\u1edd, kh\u00f4ng s\u1eafc n\u00e9t  Camera b\u1ecb h\u01b0 h\u1ecfng ph\u1ea7n c\u1ee9ng nh\u01b0ng \u0111\u1ee9t c\u00e1p k\u1ebft n\u1ed1i, l\u1ed7i xung \u0111\u1ed9t kh\u00f4ng t\u01b0\u01a1ng th\u00edch","og_url":"https:\/\/nikki-mobile.com\/ja\/mobile\/thay-camera-sau-iphone-x-xs\/","og_site_name":"Nikki Mobile","article_publisher":"https:\/\/www.facebook.com\/nikkiMobilePage\/","article_modified_time":"2023-06-27T14:41:05+00:00","og_image":[{"width":388,"height":378,"url":"https:\/\/i0.wp.com\/nikki-mobile.com\/wp-content\/uploads\/2023\/06\/camera-sau-zin-iphone-x.jpg?fit=388%2C378&ssl=1","type":"image\/jpeg"}],"twitter_card":"summary_large_image","twitter_misc":{"\u63a8\u5b9a\u8aad\u307f\u53d6\u308a\u6642\u9593":"1\u5206"},"schema":{"@context":"https:\/\/schema.org","@graph":[{"@type":"WebPage","@id":"https:\/\/nikki-mobile.com\/mobile\/thay-camera-sau-iphone-x-xs\/","url":"https:\/\/nikki-mobile.com\/mobile\/thay-camera-sau-iphone-x-xs\/","name":"Thay camera sau iPhone X\/Xs - Nikki Mobile","isPartOf":{"@id":"https:\/\/nikki-mobile.com\/#website"},"datePublished":"2023-06-27T14:41:04+00:00","dateModified":"2023-06-27T14:41:05+00:00","breadcrumb":{"@id":"https:\/\/nikki-mobile.com\/mobile\/thay-camera-sau-iphone-x-xs\/#breadcrumb"},"inLanguage":"ja","potentialAction":[{"@type":"ReadAction","target":["https:\/\/nikki-mobile.com\/mobile\/thay-camera-sau-iphone-x-xs\/"]}]},{"@type":"BreadcrumbList","@id":"https:\/\/nikki-mobile.com\/mobile\/thay-camera-sau-iphone-x-xs\/#breadcrumb","itemListElement":[{"@type":"ListItem","position":1,"name":"Mobile","item":"https:\/\/nikki-mobile.com\/"},{"@type":"ListItem","position":2,"name":"Thay camera sau iPhone X\/Xs"}]},{"@type":"WebSite","@id":"https:\/\/nikki-mobile.com\/#website","url":"https:\/\/nikki-mobile.com\/","name":"Nikki Mobile","description":"Sua dien thoai uy tin","potentialAction":[{"@type":"SearchAction","target":{"@type":"EntryPoint","urlTemplate":"https:\/\/nikki-mobile.com\/?s={search_term_string}"},"query-input":"required name=search_term_string"}],"inLanguage":"ja"}]}},"jetpack_sharing_enabled":true,"_links":{"self":[{"href":"https:\/\/nikki-mobile.com\/ja\/wp-json\/wp\/v2\/product\/318"}],"collection":[{"href":"https:\/\/nikki-mobile.com\/ja\/wp-json\/wp\/v2\/product"}],"about":[{"href":"https:\/\/nikki-mobile.com\/ja\/wp-json\/wp\/v2\/types\/product"}],"wp:featuredmedia":[{"embeddable":true,"href":"https:\/\/nikki-mobile.com\/ja\/wp-json\/wp\/v2\/media\/301"}],"wp:attachment":[{"href":"https:\/\/nikki-mobile.com\/ja\/wp-json\/wp\/v2\/media?parent=318"}],"wp:term":[{"taxonomy":"product_cat","embeddable":true,"href":"https:\/\/nikki-mobile.com\/ja\/wp-json\/wp\/v2\/product_cat?post=318"},{"taxonomy":"product_tag","embeddable":true,"href":"https:\/\/nikki-mobile.com\/ja\/wp-json\/wp\/v2\/product_tag?post=318"}],"curies":[{"name":"wp","href":"https:\/\/api.w.org\/{rel}","templated":true}]}}