{"id":256,"date":"2023-06-20T17:17:36","date_gmt":"2023-06-20T08:17:36","guid":{"rendered":"https:\/\/www.nikki-mobile.com\/?post_type=product&#038;p=256"},"modified":"2023-06-20T17:17:37","modified_gmt":"2023-06-20T08:17:37","slug":"thay-kinh-lung-iphone-12pro-12promax","status":"publish","type":"product","link":"https:\/\/nikki-mobile.com\/ja\/mobile\/thay-kinh-lung-iphone-12pro-12promax\/","title":{"rendered":"Thay K\u00ednh L\u01b0ng iPhone 12Pro\/12ProMax"},"content":{"rendered":"<ul>\n<li>Th\u1eddi gian b\u1ea3o h\u00e0nh: 3 TH\u00c1NG LOAN KEO<\/li>\n<li>Th\u1eddi gian s\u1eeda ch\u1eefa: 1-2 GI\u1edc.<\/li>\n<li>\u4fa1\u683c\u3001\u8077\u4eba\u3001\u305d\u306e\u4ed6\u3002<\/li>\n<\/ul>","protected":false},"excerpt":{"rendered":"<p>Th\u1eddi gian b\u1ea3o h\u00e0nh: 3 TH\u00c1NG LOAN KEO Th\u1eddi gian s\u1eeda ch\u1eefa: 1-2 GI\u1edc. Gi\u00e1 \u0111\u00e3 c\u00f3 c\u00f4ng th\u1ee3, kh\u00f4ng th\u00eam chi ph\u00ed kh\u00e1c.<\/p>","protected":false},"featured_media":236,"template":"","meta":{"om_disable_all_campaigns":false,"_mi_skip_tracking":false,"kt_blocks_editor_width":""},"product_cat":[19,35],"product_tag":[],"class_list":["post-256","product","type-product","status-publish","has-post-thumbnail","hentry","product_cat-iphone","product_cat-thay-kinh-lung"],"yoast_head":"<!-- This site is optimized with the Yoast SEO plugin v20.9 - https:\/\/yoast.com\/wordpress\/plugins\/seo\/ -->\n<title>Thay K\u00ednh L\u01b0ng iPhone 12Pro\/12ProMax - Nikki Mobile<\/title>\n<meta name=\"robots\" content=\"index, follow, max-snippet:-1, max-image-preview:large, max-video-preview:-1\" \/>\n<link rel=\"canonical\" href=\"https:\/\/nikki-mobile.com\/ja\/mobile\/thay-kinh-lung-iphone-12pro-12promax\/\" \/>\n<meta property=\"og:locale\" content=\"ja_JP\" \/>\n<meta property=\"og:type\" content=\"article\" \/>\n<meta property=\"og:title\" content=\"Thay K\u00ednh L\u01b0ng iPhone 12Pro\/12ProMax - Nikki Mobile\" \/>\n<meta property=\"og:description\" content=\"Th\u1eddi gian b\u1ea3o h\u00e0nh: 3 TH\u00c1NG LOAN KEO Th\u1eddi gian s\u1eeda ch\u1eefa: 1-2 GI\u1edc. Gi\u00e1 \u0111\u00e3 c\u00f3 c\u00f4ng th\u1ee3, kh\u00f4ng th\u00eam chi ph\u00ed kh\u00e1c.\" \/>\n<meta property=\"og:url\" content=\"https:\/\/nikki-mobile.com\/ja\/mobile\/thay-kinh-lung-iphone-12pro-12promax\/\" \/>\n<meta property=\"og:site_name\" content=\"Nikki Mobile\" \/>\n<meta property=\"article:publisher\" content=\"https:\/\/www.facebook.com\/nikkiMobilePage\/\" \/>\n<meta property=\"article:modified_time\" content=\"2023-06-20T08:17:37+00:00\" \/>\n<meta property=\"og:image\" content=\"https:\/\/i0.wp.com\/nikki-mobile.com\/wp-content\/uploads\/2023\/06\/About-6.png?fit=2000%2C2000&ssl=1\" \/>\n\t<meta property=\"og:image:width\" content=\"2000\" \/>\n\t<meta property=\"og:image:height\" content=\"2000\" \/>\n\t<meta property=\"og:image:type\" content=\"image\/png\" \/>\n<meta name=\"twitter:card\" content=\"summary_large_image\" \/>\n<meta name=\"twitter:label1\" content=\"\u63a8\u5b9a\u8aad\u307f\u53d6\u308a\u6642\u9593\" \/>\n\t<meta name=\"twitter:data1\" content=\"1\u5206\" \/>\n<script type=\"application\/ld+json\" class=\"yoast-schema-graph\">{\"@context\":\"https:\/\/schema.org\",\"@graph\":[{\"@type\":\"WebPage\",\"@id\":\"https:\/\/nikki-mobile.com\/mobile\/thay-kinh-lung-iphone-12pro-12promax\/\",\"url\":\"https:\/\/nikki-mobile.com\/mobile\/thay-kinh-lung-iphone-12pro-12promax\/\",\"name\":\"Thay K\u00ednh L\u01b0ng iPhone 12Pro\/12ProMax - Nikki Mobile\",\"isPartOf\":{\"@id\":\"https:\/\/nikki-mobile.com\/#website\"},\"datePublished\":\"2023-06-20T08:17:36+00:00\",\"dateModified\":\"2023-06-20T08:17:37+00:00\",\"breadcrumb\":{\"@id\":\"https:\/\/nikki-mobile.com\/mobile\/thay-kinh-lung-iphone-12pro-12promax\/#breadcrumb\"},\"inLanguage\":\"ja\",\"potentialAction\":[{\"@type\":\"ReadAction\",\"target\":[\"https:\/\/nikki-mobile.com\/mobile\/thay-kinh-lung-iphone-12pro-12promax\/\"]}]},{\"@type\":\"BreadcrumbList\",\"@id\":\"https:\/\/nikki-mobile.com\/mobile\/thay-kinh-lung-iphone-12pro-12promax\/#breadcrumb\",\"itemListElement\":[{\"@type\":\"ListItem\",\"position\":1,\"name\":\"Mobile\",\"item\":\"https:\/\/nikki-mobile.com\/\"},{\"@type\":\"ListItem\",\"position\":2,\"name\":\"Thay K\u00ednh L\u01b0ng iPhone 12Pro\/12ProMax\"}]},{\"@type\":\"WebSite\",\"@id\":\"https:\/\/nikki-mobile.com\/#website\",\"url\":\"https:\/\/nikki-mobile.com\/\",\"name\":\"Nikki Mobile\",\"description\":\"Sua dien thoai uy tin\",\"potentialAction\":[{\"@type\":\"SearchAction\",\"target\":{\"@type\":\"EntryPoint\",\"urlTemplate\":\"https:\/\/nikki-mobile.com\/?s={search_term_string}\"},\"query-input\":\"required name=search_term_string\"}],\"inLanguage\":\"ja\"}]}<\/script>\n<!-- \/ Yoast SEO plugin. -->","yoast_head_json":{"title":"Thay K\u00ednh L\u01b0ng iPhone 12Pro\/12ProMax - Nikki Mobile","robots":{"index":"index","follow":"follow","max-snippet":"max-snippet:-1","max-image-preview":"max-image-preview:large","max-video-preview":"max-video-preview:-1"},"canonical":"https:\/\/nikki-mobile.com\/ja\/mobile\/thay-kinh-lung-iphone-12pro-12promax\/","og_locale":"ja_JP","og_type":"article","og_title":"Thay K\u00ednh L\u01b0ng iPhone 12Pro\/12ProMax - Nikki Mobile","og_description":"Th\u1eddi gian b\u1ea3o h\u00e0nh: 3 TH\u00c1NG LOAN KEO Th\u1eddi gian s\u1eeda ch\u1eefa: 1-2 GI\u1edc. Gi\u00e1 \u0111\u00e3 c\u00f3 c\u00f4ng th\u1ee3, kh\u00f4ng th\u00eam chi ph\u00ed kh\u00e1c.","og_url":"https:\/\/nikki-mobile.com\/ja\/mobile\/thay-kinh-lung-iphone-12pro-12promax\/","og_site_name":"Nikki Mobile","article_publisher":"https:\/\/www.facebook.com\/nikkiMobilePage\/","article_modified_time":"2023-06-20T08:17:37+00:00","og_image":[{"width":2000,"height":2000,"url":"https:\/\/i0.wp.com\/nikki-mobile.com\/wp-content\/uploads\/2023\/06\/About-6.png?fit=2000%2C2000&ssl=1","type":"image\/png"}],"twitter_card":"summary_large_image","twitter_misc":{"\u63a8\u5b9a\u8aad\u307f\u53d6\u308a\u6642\u9593":"1\u5206"},"schema":{"@context":"https:\/\/schema.org","@graph":[{"@type":"WebPage","@id":"https:\/\/nikki-mobile.com\/mobile\/thay-kinh-lung-iphone-12pro-12promax\/","url":"https:\/\/nikki-mobile.com\/mobile\/thay-kinh-lung-iphone-12pro-12promax\/","name":"Thay K\u00ednh L\u01b0ng iPhone 12Pro\/12ProMax - Nikki Mobile","isPartOf":{"@id":"https:\/\/nikki-mobile.com\/#website"},"datePublished":"2023-06-20T08:17:36+00:00","dateModified":"2023-06-20T08:17:37+00:00","breadcrumb":{"@id":"https:\/\/nikki-mobile.com\/mobile\/thay-kinh-lung-iphone-12pro-12promax\/#breadcrumb"},"inLanguage":"ja","potentialAction":[{"@type":"ReadAction","target":["https:\/\/nikki-mobile.com\/mobile\/thay-kinh-lung-iphone-12pro-12promax\/"]}]},{"@type":"BreadcrumbList","@id":"https:\/\/nikki-mobile.com\/mobile\/thay-kinh-lung-iphone-12pro-12promax\/#breadcrumb","itemListElement":[{"@type":"ListItem","position":1,"name":"Mobile","item":"https:\/\/nikki-mobile.com\/"},{"@type":"ListItem","position":2,"name":"Thay K\u00ednh L\u01b0ng iPhone 12Pro\/12ProMax"}]},{"@type":"WebSite","@id":"https:\/\/nikki-mobile.com\/#website","url":"https:\/\/nikki-mobile.com\/","name":"Nikki Mobile","description":"Sua dien thoai uy tin","potentialAction":[{"@type":"SearchAction","target":{"@type":"EntryPoint","urlTemplate":"https:\/\/nikki-mobile.com\/?s={search_term_string}"},"query-input":"required name=search_term_string"}],"inLanguage":"ja"}]}},"jetpack_sharing_enabled":true,"_links":{"self":[{"href":"https:\/\/nikki-mobile.com\/ja\/wp-json\/wp\/v2\/product\/256"}],"collection":[{"href":"https:\/\/nikki-mobile.com\/ja\/wp-json\/wp\/v2\/product"}],"about":[{"href":"https:\/\/nikki-mobile.com\/ja\/wp-json\/wp\/v2\/types\/product"}],"wp:featuredmedia":[{"embeddable":true,"href":"https:\/\/nikki-mobile.com\/ja\/wp-json\/wp\/v2\/media\/236"}],"wp:attachment":[{"href":"https:\/\/nikki-mobile.com\/ja\/wp-json\/wp\/v2\/media?parent=256"}],"wp:term":[{"taxonomy":"product_cat","embeddable":true,"href":"https:\/\/nikki-mobile.com\/ja\/wp-json\/wp\/v2\/product_cat?post=256"},{"taxonomy":"product_tag","embeddable":true,"href":"https:\/\/nikki-mobile.com\/ja\/wp-json\/wp\/v2\/product_tag?post=256"}],"curies":[{"name":"wp","href":"https:\/\/api.w.org\/{rel}","templated":true}]}}