{"id":1113,"date":"2025-03-25T16:44:53","date_gmt":"2025-03-25T07:44:53","guid":{"rendered":"https:\/\/nikki-mobile.com\/?post_type=product&#038;p=1113"},"modified":"2025-03-25T16:47:59","modified_gmt":"2025-03-25T07:47:59","slug":"thay-pin-iphone-14-promax","status":"publish","type":"product","link":"https:\/\/nikki-mobile.com\/ja\/mobile\/thay-pin-iphone-14-promax\/","title":{"rendered":"\u6c60iPhone14ProMax"},"content":{"rendered":"<ul>\n<li>\u4fee\u7406\u6642\u9593\u309215\uff5e30\u5206\u3067\u3059\u3002<\/li>\n<li>\u4fa1\u683c\u306e\u5909\u66f4\u3001\u305d\u306e\u4ed6\u3002<\/li>\n<li>\u3044\u304b\u306a\u308b\u4fdd\u8a3c\uff1a\u30bf\u30f3\u30af\u306e\u30a4\u30f3\u30ad\u3001\u843d\u4e0b\u3001\u6c34\u306e\u4ecb\u5165\u306b\u3088\u308b\u7b2c3\u8005<\/li>\n<\/ul>","protected":false},"excerpt":{"rendered":"<p>\u4fee\u7406\u6642\u9593\u309215\uff5e30\u5206\u3067\u3059\u3002 \u4fa1\u683c\u306e\u5909\u66f4\u3001\u305d\u306e\u4ed6\u3002 \u3044\u304b\u306a\u308b\u4fdd\u8a3c\uff1a\u30bf\u30f3\u30af\u306e\u30a4\u30f3\u30ad\u3001\u843d\u4e0b\u3001\u6c34\u306e\u4ecb\u5165\u306b\u3088\u308b\u7b2c3\u8005<\/p>","protected":false},"featured_media":50,"template":"","meta":{"om_disable_all_campaigns":false,"_mi_skip_tracking":false,"kt_blocks_editor_width":""},"product_cat":[19,27],"product_tag":[],"class_list":["post-1113","product","type-product","status-publish","has-post-thumbnail","hentry","product_cat-iphone","product_cat-thay-pin-iphone"],"yoast_head":"<!-- This site is optimized with the Yoast SEO plugin v20.9 - https:\/\/yoast.com\/wordpress\/plugins\/seo\/ -->\n<title>Thay Pin iPhone 14 ProMax - Nikki Mobile<\/title>\n<meta name=\"robots\" content=\"index, follow, max-snippet:-1, max-image-preview:large, max-video-preview:-1\" \/>\n<link rel=\"canonical\" href=\"https:\/\/nikki-mobile.com\/ja\/mobile\/thay-pin-iphone-14-promax\/\" \/>\n<meta property=\"og:locale\" content=\"ja_JP\" \/>\n<meta property=\"og:type\" content=\"article\" \/>\n<meta property=\"og:title\" content=\"Thay Pin iPhone 14 ProMax - Nikki Mobile\" \/>\n<meta property=\"og:description\" content=\"Th\u1eddi gian s\u1eeda ch\u1eefa: 15-30 PH\u00daT. Gi\u00e1 \u0111\u00e3 bao g\u1ed3m c\u00f4ng thay, kh\u00f4ng th\u00eam chi ph\u00ed kh\u00e1c. Kh\u00f4ng b\u1ea3o h\u00e0nh : B\u1ec3 m\u1ef1c , r\u01a1i r\u1edbt , v\u00f4 n\u01b0\u1edbc B\u1ecb can thi\u1ec7p b\u1edfi b\u00ean th\u1ee9 3\" \/>\n<meta property=\"og:url\" content=\"https:\/\/nikki-mobile.com\/ja\/mobile\/thay-pin-iphone-14-promax\/\" \/>\n<meta property=\"og:site_name\" content=\"Nikki Mobile\" \/>\n<meta property=\"article:publisher\" content=\"https:\/\/www.facebook.com\/nikkiMobilePage\/\" \/>\n<meta property=\"article:modified_time\" content=\"2025-03-25T07:47:59+00:00\" \/>\n<meta property=\"og:image\" content=\"https:\/\/i0.wp.com\/nikki-mobile.com\/wp-content\/uploads\/2023\/06\/Home-2.png?fit=2000%2C2000&ssl=1\" \/>\n\t<meta property=\"og:image:width\" content=\"2000\" \/>\n\t<meta property=\"og:image:height\" content=\"2000\" \/>\n\t<meta property=\"og:image:type\" content=\"image\/png\" \/>\n<meta name=\"twitter:card\" content=\"summary_large_image\" \/>\n<meta name=\"twitter:label1\" content=\"\u63a8\u5b9a\u8aad\u307f\u53d6\u308a\u6642\u9593\" \/>\n\t<meta name=\"twitter:data1\" content=\"1\u5206\" \/>\n<script type=\"application\/ld+json\" class=\"yoast-schema-graph\">{\"@context\":\"https:\/\/schema.org\",\"@graph\":[{\"@type\":\"WebPage\",\"@id\":\"https:\/\/nikki-mobile.com\/ja\/mobile\/thay-pin-iphone-14-promax\/\",\"url\":\"https:\/\/nikki-mobile.com\/ja\/mobile\/thay-pin-iphone-14-promax\/\",\"name\":\"Thay Pin iPhone 14 ProMax - Nikki Mobile\",\"isPartOf\":{\"@id\":\"https:\/\/nikki-mobile.com\/#website\"},\"datePublished\":\"2025-03-25T07:44:53+00:00\",\"dateModified\":\"2025-03-25T07:47:59+00:00\",\"breadcrumb\":{\"@id\":\"https:\/\/nikki-mobile.com\/ja\/mobile\/thay-pin-iphone-14-promax\/#breadcrumb\"},\"inLanguage\":\"ja\",\"potentialAction\":[{\"@type\":\"ReadAction\",\"target\":[\"https:\/\/nikki-mobile.com\/ja\/mobile\/thay-pin-iphone-14-promax\/\"]}]},{\"@type\":\"BreadcrumbList\",\"@id\":\"https:\/\/nikki-mobile.com\/ja\/mobile\/thay-pin-iphone-14-promax\/#breadcrumb\",\"itemListElement\":[{\"@type\":\"ListItem\",\"position\":1,\"name\":\"Mobile\",\"item\":\"https:\/\/nikki-mobile.com\/\"},{\"@type\":\"ListItem\",\"position\":2,\"name\":\"Thay Pin iPhone 14 ProMax\"}]},{\"@type\":\"WebSite\",\"@id\":\"https:\/\/nikki-mobile.com\/#website\",\"url\":\"https:\/\/nikki-mobile.com\/\",\"name\":\"Nikki Mobile\",\"description\":\"Sua dien thoai uy tin\",\"potentialAction\":[{\"@type\":\"SearchAction\",\"target\":{\"@type\":\"EntryPoint\",\"urlTemplate\":\"https:\/\/nikki-mobile.com\/?s={search_term_string}\"},\"query-input\":\"required name=search_term_string\"}],\"inLanguage\":\"ja\"}]}<\/script>\n<!-- \/ Yoast SEO plugin. -->","yoast_head_json":{"title":"Thay Pin iPhone 14 ProMax - Nikki Mobile","robots":{"index":"index","follow":"follow","max-snippet":"max-snippet:-1","max-image-preview":"max-image-preview:large","max-video-preview":"max-video-preview:-1"},"canonical":"https:\/\/nikki-mobile.com\/ja\/mobile\/thay-pin-iphone-14-promax\/","og_locale":"ja_JP","og_type":"article","og_title":"Thay Pin iPhone 14 ProMax - Nikki Mobile","og_description":"Th\u1eddi gian s\u1eeda ch\u1eefa: 15-30 PH\u00daT. Gi\u00e1 \u0111\u00e3 bao g\u1ed3m c\u00f4ng thay, kh\u00f4ng th\u00eam chi ph\u00ed kh\u00e1c. Kh\u00f4ng b\u1ea3o h\u00e0nh : B\u1ec3 m\u1ef1c , r\u01a1i r\u1edbt , v\u00f4 n\u01b0\u1edbc B\u1ecb can thi\u1ec7p b\u1edfi b\u00ean th\u1ee9 3","og_url":"https:\/\/nikki-mobile.com\/ja\/mobile\/thay-pin-iphone-14-promax\/","og_site_name":"Nikki Mobile","article_publisher":"https:\/\/www.facebook.com\/nikkiMobilePage\/","article_modified_time":"2025-03-25T07:47:59+00:00","og_image":[{"width":2000,"height":2000,"url":"https:\/\/i0.wp.com\/nikki-mobile.com\/wp-content\/uploads\/2023\/06\/Home-2.png?fit=2000%2C2000&ssl=1","type":"image\/png"}],"twitter_card":"summary_large_image","twitter_misc":{"\u63a8\u5b9a\u8aad\u307f\u53d6\u308a\u6642\u9593":"1\u5206"},"schema":{"@context":"https:\/\/schema.org","@graph":[{"@type":"WebPage","@id":"https:\/\/nikki-mobile.com\/ja\/mobile\/thay-pin-iphone-14-promax\/","url":"https:\/\/nikki-mobile.com\/ja\/mobile\/thay-pin-iphone-14-promax\/","name":"Thay Pin iPhone 14 ProMax - Nikki Mobile","isPartOf":{"@id":"https:\/\/nikki-mobile.com\/#website"},"datePublished":"2025-03-25T07:44:53+00:00","dateModified":"2025-03-25T07:47:59+00:00","breadcrumb":{"@id":"https:\/\/nikki-mobile.com\/ja\/mobile\/thay-pin-iphone-14-promax\/#breadcrumb"},"inLanguage":"ja","potentialAction":[{"@type":"ReadAction","target":["https:\/\/nikki-mobile.com\/ja\/mobile\/thay-pin-iphone-14-promax\/"]}]},{"@type":"BreadcrumbList","@id":"https:\/\/nikki-mobile.com\/ja\/mobile\/thay-pin-iphone-14-promax\/#breadcrumb","itemListElement":[{"@type":"ListItem","position":1,"name":"Mobile","item":"https:\/\/nikki-mobile.com\/"},{"@type":"ListItem","position":2,"name":"Thay Pin iPhone 14 ProMax"}]},{"@type":"WebSite","@id":"https:\/\/nikki-mobile.com\/#website","url":"https:\/\/nikki-mobile.com\/","name":"Nikki Mobile","description":"Sua dien thoai uy tin","potentialAction":[{"@type":"SearchAction","target":{"@type":"EntryPoint","urlTemplate":"https:\/\/nikki-mobile.com\/?s={search_term_string}"},"query-input":"required name=search_term_string"}],"inLanguage":"ja"}]}},"jetpack_sharing_enabled":true,"_links":{"self":[{"href":"https:\/\/nikki-mobile.com\/ja\/wp-json\/wp\/v2\/product\/1113"}],"collection":[{"href":"https:\/\/nikki-mobile.com\/ja\/wp-json\/wp\/v2\/product"}],"about":[{"href":"https:\/\/nikki-mobile.com\/ja\/wp-json\/wp\/v2\/types\/product"}],"wp:featuredmedia":[{"embeddable":true,"href":"https:\/\/nikki-mobile.com\/ja\/wp-json\/wp\/v2\/media\/50"}],"wp:attachment":[{"href":"https:\/\/nikki-mobile.com\/ja\/wp-json\/wp\/v2\/media?parent=1113"}],"wp:term":[{"taxonomy":"product_cat","embeddable":true,"href":"https:\/\/nikki-mobile.com\/ja\/wp-json\/wp\/v2\/product_cat?post=1113"},{"taxonomy":"product_tag","embeddable":true,"href":"https:\/\/nikki-mobile.com\/ja\/wp-json\/wp\/v2\/product_tag?post=1113"}],"curies":[{"name":"wp","href":"https:\/\/api.w.org\/{rel}","templated":true}]}}